{"id":17,"date":"2021-12-09T16:51:08","date_gmt":"2021-12-09T15:51:08","guid":{"rendered":"https:\/\/jd-kielkowski.com\/?page_id=17"},"modified":"2025-07-11T10:26:25","modified_gmt":"2025-07-11T08:26:25","slug":"impressum","status":"publish","type":"page","link":"https:\/\/jd-kielkowski.com\/de\/impressum\/","title":{"rendered":"Impressum"},"content":{"rendered":"\n<div style=\"height:50px\" aria-hidden=\"true\" class=\"wp-block-spacer\"><\/div>\n\n\n\n<p>Jonathan Danko Kielkowski<br>Vacher Str. 204<br>90766 F\u00fcrth<br><br>Telefon: 01622725244<br>E-Mail: <a href=\"mailto:mail@jd-kielkowski.com\">mail@jd-kielkowski.com<\/a><br><br>Umsatzsteuer-ID gem\u00e4\u00df \u00a7 27 a Umsatzsteuergesetz: DE294617224<br>Redaktionell verantwortlich: Jonathan Danko Kielkowski<\/p>\n\n\n\n<div style=\"height:100px\" aria-hidden=\"true\" class=\"wp-block-spacer\"><\/div>\n\n\n\n<h2 class=\"wp-block-heading\"><strong>Urheberrecht<\/strong><\/h2>\n\n\n\n<p>Die auf dieser Website enthaltenen Fotos, bildlichen Darstellungen sowie Texte unterliegen weltweitem urheberrechtlichem Schutz. Jegliche Nutzung eines oder mehrerer dieser Abbildungen, insbesondere das Downloaden, die Bearbeitung und die Verbreitung f\u00fcr gewerbliche als auch f\u00fcr pers\u00f6nliche Zwecke sind nicht gestattet. Der Missbrauch, auch in Teilen, ist strafbar und wird auf Grundlage des UrhG \u00a7 97 + 106 zivil- und strafrechtlich verfolgt. Alle innerhalb des Internetangebotes genannten und ggf. durch Dritte gesch\u00fctzten Marken- und Warenzeichen unterliegen uneingeschr\u00e4nkt den Bestimmungen des jeweils g\u00fcltigen Kennzeichenrechts und den Besitzrechten der jeweiligen eingetragenen Eigent\u00fcmer.<\/p>\n\n\n\n<div style=\"height:100px\" aria-hidden=\"true\" class=\"wp-block-spacer\"><\/div>\n\n\n\n<h2 class=\"wp-block-heading\"><strong>Haftung f\u00fcr Inhalte<\/strong><\/h2>\n\n\n\n<p>Die auf dieser Website enthaltenen Angaben werden nach bestem Wissen erstellt und mit gro\u00dfer Sorgfalt auf ihre Richtigkeit \u00fcberpr\u00fcft. Trotzdem sind inhaltliche und sachliche Fehler nicht vollst\u00e4ndig auszuschlie\u00dfen. \u00bbJD-Kielkowski.com\u00ab \u00fcbernimmt keinerlei Garantie und Haftung f\u00fcr die Richtigkeit, Aktualit\u00e4t und Vollst\u00e4ndigkeit der bereitgestellten Informationen. Alle Angaben sind ohne Gew\u00e4hr. Dies gilt auch f\u00fcr alle Links zu anderen URLs, die auf unserer Website genannt werden.<\/p>\n\n\n\n<div style=\"height:100px\" aria-hidden=\"true\" class=\"wp-block-spacer\"><\/div>\n\n\n\n<h2 class=\"wp-block-heading\"><strong>Haftung f\u00fcr Links<\/strong><\/h2>\n\n\n\n<p>Trotz sorgf\u00e4ltiger inhaltlicher Kontrolle \u00fcbernehmen wir keine Haftung f\u00fcr die Inhalte externer Links. F\u00fcr den Inhalt der verlinkten Seiten sind ausschlie\u00dflich deren Betreiber verantwortlich.<\/p>\n\n\n\n<div style=\"height:100px\" aria-hidden=\"true\" class=\"wp-block-spacer\"><\/div>\n\n\n\n<h2 class=\"wp-block-heading\"><strong>Gestaltung und Entwicklung<\/strong><\/h2>\n\n\n\n<p>bold + b\u00fcndig<br>M\u00fcller Schopf GbR<br>Engertstra\u00dfe 36<br>04229 Leipzig<\/p>\n\n\n\n<p>E-Mail: <a target=\"_blank\" rel=\"noreferrer noopener\" href=\"mailto:hello@boldundbuendig.de\">hello@boldundbuendig.de<\/a><br>Web: <a target=\"_blank\" rel=\"noreferrer noopener\" href=\"https:\/\/boldundbuendig.de\">https:\/\/boldundbuendig.de<\/a><\/p>\n","protected":false},"excerpt":{"rendered":"<p>Jonathan Danko KielkowskiVacher Str. 20490766 F\u00fcrth Telefon: 01622725244E-Mail: mail@jd-kielkowski.com Umsatzsteuer-ID gem\u00e4\u00df \u00a7 27 a Umsatzsteuergesetz: DE294617224Redaktionell verantwortlich: Jonathan Danko Kielkowski Urheberrecht Die auf dieser Website enthaltenen Fotos, bildlichen Darstellungen sowie [&hellip;]<\/p>\n","protected":false},"author":6,"featured_media":0,"parent":0,"menu_order":0,"comment_status":"closed","ping_status":"closed","template":"","meta":{"_acf_changed":false,"footnotes":""},"class_list":["post-17","page","type-page","status-publish","hentry"],"acf":[],"yoast_head":"<!-- This site is optimized with the Yoast SEO plugin v22.0 - https:\/\/yoast.com\/wordpress\/plugins\/seo\/ -->\n<title>Impressum - Jonathan Danko Kielkowski<\/title>\n<meta name=\"robots\" content=\"index, follow, max-snippet:-1, max-image-preview:large, max-video-preview:-1\" \/>\n<link rel=\"canonical\" href=\"https:\/\/jd-kielkowski.com\/de\/impressum\/\" \/>\n<meta property=\"og:locale\" content=\"de_DE\" \/>\n<meta property=\"og:type\" content=\"article\" \/>\n<meta property=\"og:title\" content=\"Impressum - Jonathan Danko Kielkowski\" \/>\n<meta property=\"og:description\" content=\"Jonathan Danko KielkowskiVacher Str. 20490766 F\u00fcrth Telefon: 01622725244E-Mail: mail@jd-kielkowski.com Umsatzsteuer-ID gem\u00e4\u00df \u00a7 27 a Umsatzsteuergesetz: DE294617224Redaktionell verantwortlich: Jonathan Danko Kielkowski Urheberrecht Die auf dieser Website enthaltenen Fotos, bildlichen Darstellungen sowie [&hellip;]\" \/>\n<meta property=\"og:url\" content=\"https:\/\/jd-kielkowski.com\/de\/impressum\/\" \/>\n<meta property=\"og:site_name\" content=\"Jonathan Danko Kielkowski\" \/>\n<meta property=\"article:modified_time\" content=\"2025-07-11T08:26:25+00:00\" \/>\n<meta name=\"twitter:card\" content=\"summary_large_image\" \/>\n<meta name=\"twitter:label1\" content=\"Gesch\u00e4tzte Lesezeit\" \/>\n\t<meta name=\"twitter:data1\" content=\"2\u00a0Minuten\" \/>\n<script type=\"application\/ld+json\" class=\"yoast-schema-graph\">{\"@context\":\"https:\/\/schema.org\",\"@graph\":[{\"@type\":\"WebPage\",\"@id\":\"https:\/\/jd-kielkowski.com\/de\/impressum\/\",\"url\":\"https:\/\/jd-kielkowski.com\/de\/impressum\/\",\"name\":\"Impressum - Jonathan Danko Kielkowski\",\"isPartOf\":{\"@id\":\"https:\/\/jd-kielkowski.com\/de\/#website\"},\"datePublished\":\"2021-12-09T15:51:08+00:00\",\"dateModified\":\"2025-07-11T08:26:25+00:00\",\"breadcrumb\":{\"@id\":\"https:\/\/jd-kielkowski.com\/de\/impressum\/#breadcrumb\"},\"inLanguage\":\"de\",\"potentialAction\":[{\"@type\":\"ReadAction\",\"target\":[\"https:\/\/jd-kielkowski.com\/de\/impressum\/\"]}]},{\"@type\":\"BreadcrumbList\",\"@id\":\"https:\/\/jd-kielkowski.com\/de\/impressum\/#breadcrumb\",\"itemListElement\":[{\"@type\":\"ListItem\",\"position\":1,\"name\":\"Startseite\",\"item\":\"https:\/\/jd-kielkowski.com\/de\/\"},{\"@type\":\"ListItem\",\"position\":2,\"name\":\"Impressum\"}]},{\"@type\":\"WebSite\",\"@id\":\"https:\/\/jd-kielkowski.com\/de\/#website\",\"url\":\"https:\/\/jd-kielkowski.com\/de\/\",\"name\":\"Jonathan Danko Kielkowski\",\"description\":\"Photography, Documentation\",\"potentialAction\":[{\"@type\":\"SearchAction\",\"target\":{\"@type\":\"EntryPoint\",\"urlTemplate\":\"https:\/\/jd-kielkowski.com\/de\/?s={search_term_string}\"},\"query-input\":\"required name=search_term_string\"}],\"inLanguage\":\"de\"}]}<\/script>\n<!-- \/ Yoast SEO plugin. -->","yoast_head_json":{"title":"Impressum - Jonathan Danko Kielkowski","robots":{"index":"index","follow":"follow","max-snippet":"max-snippet:-1","max-image-preview":"max-image-preview:large","max-video-preview":"max-video-preview:-1"},"canonical":"https:\/\/jd-kielkowski.com\/de\/impressum\/","og_locale":"de_DE","og_type":"article","og_title":"Impressum - Jonathan Danko Kielkowski","og_description":"Jonathan Danko KielkowskiVacher Str. 20490766 F\u00fcrth Telefon: 01622725244E-Mail: mail@jd-kielkowski.com Umsatzsteuer-ID gem\u00e4\u00df \u00a7 27 a Umsatzsteuergesetz: DE294617224Redaktionell verantwortlich: Jonathan Danko Kielkowski Urheberrecht Die auf dieser Website enthaltenen Fotos, bildlichen Darstellungen sowie [&hellip;]","og_url":"https:\/\/jd-kielkowski.com\/de\/impressum\/","og_site_name":"Jonathan Danko Kielkowski","article_modified_time":"2025-07-11T08:26:25+00:00","twitter_card":"summary_large_image","twitter_misc":{"Gesch\u00e4tzte Lesezeit":"2\u00a0Minuten"},"schema":{"@context":"https:\/\/schema.org","@graph":[{"@type":"WebPage","@id":"https:\/\/jd-kielkowski.com\/de\/impressum\/","url":"https:\/\/jd-kielkowski.com\/de\/impressum\/","name":"Impressum - Jonathan Danko Kielkowski","isPartOf":{"@id":"https:\/\/jd-kielkowski.com\/de\/#website"},"datePublished":"2021-12-09T15:51:08+00:00","dateModified":"2025-07-11T08:26:25+00:00","breadcrumb":{"@id":"https:\/\/jd-kielkowski.com\/de\/impressum\/#breadcrumb"},"inLanguage":"de","potentialAction":[{"@type":"ReadAction","target":["https:\/\/jd-kielkowski.com\/de\/impressum\/"]}]},{"@type":"BreadcrumbList","@id":"https:\/\/jd-kielkowski.com\/de\/impressum\/#breadcrumb","itemListElement":[{"@type":"ListItem","position":1,"name":"Startseite","item":"https:\/\/jd-kielkowski.com\/de\/"},{"@type":"ListItem","position":2,"name":"Impressum"}]},{"@type":"WebSite","@id":"https:\/\/jd-kielkowski.com\/de\/#website","url":"https:\/\/jd-kielkowski.com\/de\/","name":"Jonathan Danko Kielkowski","description":"Photography, Documentation","potentialAction":[{"@type":"SearchAction","target":{"@type":"EntryPoint","urlTemplate":"https:\/\/jd-kielkowski.com\/de\/?s={search_term_string}"},"query-input":"required name=search_term_string"}],"inLanguage":"de"}]}},"_links":{"self":[{"href":"https:\/\/jd-kielkowski.com\/de\/wp-json\/wp\/v2\/pages\/17","targetHints":{"allow":["GET"]}}],"collection":[{"href":"https:\/\/jd-kielkowski.com\/de\/wp-json\/wp\/v2\/pages"}],"about":[{"href":"https:\/\/jd-kielkowski.com\/de\/wp-json\/wp\/v2\/types\/page"}],"author":[{"embeddable":true,"href":"https:\/\/jd-kielkowski.com\/de\/wp-json\/wp\/v2\/users\/6"}],"replies":[{"embeddable":true,"href":"https:\/\/jd-kielkowski.com\/de\/wp-json\/wp\/v2\/comments?post=17"}],"version-history":[{"count":17,"href":"https:\/\/jd-kielkowski.com\/de\/wp-json\/wp\/v2\/pages\/17\/revisions"}],"predecessor-version":[{"id":11440,"href":"https:\/\/jd-kielkowski.com\/de\/wp-json\/wp\/v2\/pages\/17\/revisions\/11440"}],"wp:attachment":[{"href":"https:\/\/jd-kielkowski.com\/de\/wp-json\/wp\/v2\/media?parent=17"}],"curies":[{"name":"wp","href":"https:\/\/api.w.org\/{rel}","templated":true}]}}